{"id":52,"date":"2023-08-09T06:56:52","date_gmt":"2023-08-09T06:56:52","guid":{"rendered":"http:\/\/sandraskunterbuntewelt.de\/?post_type=product&#038;p=52"},"modified":"2023-08-09T06:56:52","modified_gmt":"2023-08-09T06:56:52","slug":"kerzentext","status":"publish","type":"product","link":"https:\/\/sandraskunterbuntewelt.de\/?product=kerzentext","title":{"rendered":"Kerzentext"},"content":{"rendered":"<p>Sie k\u00f6nnen in der Bestellefunktion unter Kommentare Ihren individullen Text eingeben und evt Farbw\u00fcnsche \u00e4u\u00dfern<\/p>\n","protected":false},"excerpt":{"rendered":"<p>Sie k\u00f6nnen in der Bestellefunktion unter Kommentare Ihren individullen Text eingeben und evt Farbw\u00fcnsche \u00e4u\u00dfern<\/p>\n","protected":false},"featured_media":49,"comment_status":"open","ping_status":"closed","template":"","meta":[],"product_cat":[15],"product_tag":[23,22,19],"_links":{"self":[{"href":"https:\/\/sandraskunterbuntewelt.de\/index.php?rest_route=\/wp\/v2\/product\/52"}],"collection":[{"href":"https:\/\/sandraskunterbuntewelt.de\/index.php?rest_route=\/wp\/v2\/product"}],"about":[{"href":"https:\/\/sandraskunterbuntewelt.de\/index.php?rest_route=\/wp\/v2\/types\/product"}],"replies":[{"embeddable":true,"href":"https:\/\/sandraskunterbuntewelt.de\/index.php?rest_route=%2Fwp%2Fv2%2Fcomments&post=52"}],"wp:featuredmedia":[{"embeddable":true,"href":"https:\/\/sandraskunterbuntewelt.de\/index.php?rest_route=\/wp\/v2\/media\/49"}],"wp:attachment":[{"href":"https:\/\/sandraskunterbuntewelt.de\/index.php?rest_route=%2Fwp%2Fv2%2Fmedia&parent=52"}],"wp:term":[{"taxonomy":"product_cat","embeddable":true,"href":"https:\/\/sandraskunterbuntewelt.de\/index.php?rest_route=%2Fwp%2Fv2%2Fproduct_cat&post=52"},{"taxonomy":"product_tag","embeddable":true,"href":"https:\/\/sandraskunterbuntewelt.de\/index.php?rest_route=%2Fwp%2Fv2%2Fproduct_tag&post=52"}],"curies":[{"name":"wp","href":"https:\/\/api.w.org\/{rel}","templated":true}]}}